{"id":108,"date":"2023-05-25T07:48:44","date_gmt":"2023-05-25T10:48:44","guid":{"rendered":"https:\/\/bernardo.digital\/55studio-site\/?page_id=108"},"modified":"2023-06-04T13:54:00","modified_gmt":"2023-06-04T16:54:00","slug":"aldeia","status":"publish","type":"page","link":"https:\/\/55studio.com\/index.php\/aldeia\/","title":{"rendered":"Aldeia"},"content":{"rendered":"\t<section class=\"section\" id=\"section_1403429609\">\n\t\t<div class=\"bg section-bg fill bg-fill  bg-loaded\" >\n\n\t\t\t\n\t\t\t\n\t\t\t\n\n\t\t<\/div>\n\n\t\t\n\n\t\t<div class=\"section-content relative\">\n\t\t\t\n<div class=\"row row-full-width align-center\"  id=\"row-1287694027\">\n\n\t<div id=\"col-18132256\" class=\"col hide-for-small medium-2 small-12 large-2\"  >\n\t\t\t\t<div class=\"col-inner\"  >\n\t\t\t\n\t\t\t\n\t\t<\/div>\n\t\t\t\t\t<\/div>\n\n\t\n\n\t<div id=\"col-1468022761\" class=\"col medium-7 small-12 large-7\"  >\n\t\t\t\t<div class=\"col-inner text-left\"  >\n\t\t\t\n\t\t\t\n<h6>nOSSOS TRABALHOS<\/h6>\n<h3 class=\"thin-font uppercase\"><span style=\"font-size: 200%;\"><strong>ALDEIA<\/strong><br \/>\nJericoacoara &#8211; CE<\/span><\/h3>\n<p><strong>4.000m\u00b2<\/strong><br \/>\nO destaque do projeto \u00e9 a utiliza\u00e7\u00e3o do externo como foco principal.<\/p>\n\n  \n    <div class=\"row large-columns-4 medium-columns-3 small-columns-2\">\n  <div class=\"gallery-col col\" >\n          <div class=\"col-inner\">\n            <a class=\"image-lightbox lightbox-gallery\" href=\"https:\/\/55studio.com\/wp-content\/uploads\/2023\/05\/1-1-1024x565.jpeg\" title=\"\">            <div class=\"box has-hover gallery-box box-overlay dark\">\n              <div class=\"box-image\" >\n                <img width=\"300\" height=\"165\" src=\"https:\/\/55studio.com\/wp-content\/uploads\/2023\/05\/1-1-300x165.jpeg\" class=\"attachment-medium size-medium\" alt=\"\" decoding=\"async\" loading=\"lazy\" ids=\"110,111,112,113,114,115,116,117,118,119\" srcset=\"https:\/\/55studio.com\/wp-content\/uploads\/2023\/05\/1-1-300x165.jpeg 300w, https:\/\/55studio.com\/wp-content\/uploads\/2023\/05\/1-1-1024x565.jpeg 1024w, https:\/\/55studio.com\/wp-content\/uploads\/2023\/05\/1-1-768x424.jpeg 768w, https:\/\/55studio.com\/wp-content\/uploads\/2023\/05\/1-1-600x331.jpeg 600w, https:\/\/55studio.com\/wp-content\/uploads\/2023\/05\/1-1.jpeg 1280w\" sizes=\"(max-width: 300px) 100vw, 300px\" \/>                                  <div class=\"overlay fill\"\n                      style=\"background-color: rgba(0,0,0,.15)\">\n                  <\/div>\n                                                              <\/div>\n              <div class=\"box-text text-left\" >\n                 <p><\/p>\n              <\/div>\n            <\/div>\n            <\/a>          <\/div>\n         <\/div><div class=\"gallery-col col\" >\n          <div class=\"col-inner\">\n            <a class=\"image-lightbox lightbox-gallery\" href=\"https:\/\/55studio.com\/wp-content\/uploads\/2023\/05\/2-1024x660.jpeg\" title=\"\">            <div class=\"box has-hover gallery-box box-overlay dark\">\n              <div class=\"box-image\" >\n                <img width=\"300\" height=\"193\" src=\"https:\/\/55studio.com\/wp-content\/uploads\/2023\/05\/2-300x193.jpeg\" class=\"attachment-medium size-medium\" alt=\"\" decoding=\"async\" loading=\"lazy\" ids=\"110,111,112,113,114,115,116,117,118,119\" srcset=\"https:\/\/55studio.com\/wp-content\/uploads\/2023\/05\/2-300x193.jpeg 300w, https:\/\/55studio.com\/wp-content\/uploads\/2023\/05\/2-1024x660.jpeg 1024w, https:\/\/55studio.com\/wp-content\/uploads\/2023\/05\/2-768x495.jpeg 768w, https:\/\/55studio.com\/wp-content\/uploads\/2023\/05\/2-600x387.jpeg 600w, https:\/\/55studio.com\/wp-content\/uploads\/2023\/05\/2.jpeg 1280w\" sizes=\"(max-width: 300px) 100vw, 300px\" \/>                                  <div class=\"overlay fill\"\n                      style=\"background-color: rgba(0,0,0,.15)\">\n                  <\/div>\n                                                              <\/div>\n              <div class=\"box-text text-left\" >\n                 <p><\/p>\n              <\/div>\n            <\/div>\n            <\/a>          <\/div>\n         <\/div><div class=\"gallery-col col\" >\n          <div class=\"col-inner\">\n            <a class=\"image-lightbox lightbox-gallery\" href=\"https:\/\/55studio.com\/wp-content\/uploads\/2023\/05\/3-1024x682.jpeg\" title=\"\">            <div class=\"box has-hover gallery-box box-overlay dark\">\n              <div class=\"box-image\" >\n                <img width=\"300\" height=\"200\" src=\"https:\/\/55studio.com\/wp-content\/uploads\/2023\/05\/3-300x200.jpeg\" class=\"attachment-medium size-medium\" alt=\"\" decoding=\"async\" loading=\"lazy\" ids=\"110,111,112,113,114,115,116,117,118,119\" srcset=\"https:\/\/55studio.com\/wp-content\/uploads\/2023\/05\/3-300x200.jpeg 300w, https:\/\/55studio.com\/wp-content\/uploads\/2023\/05\/3-1024x682.jpeg 1024w, https:\/\/55studio.com\/wp-content\/uploads\/2023\/05\/3-768x512.jpeg 768w, https:\/\/55studio.com\/wp-content\/uploads\/2023\/05\/3-600x400.jpeg 600w, https:\/\/55studio.com\/wp-content\/uploads\/2023\/05\/3.jpeg 1280w\" sizes=\"(max-width: 300px) 100vw, 300px\" \/>                                  <div class=\"overlay fill\"\n                      style=\"background-color: rgba(0,0,0,.15)\">\n                  <\/div>\n                                                              <\/div>\n              <div class=\"box-text text-left\" >\n                 <p><\/p>\n              <\/div>\n            <\/div>\n            <\/a>          <\/div>\n         <\/div><div class=\"gallery-col col\" >\n          <div class=\"col-inner\">\n            <a class=\"image-lightbox lightbox-gallery\" href=\"https:\/\/55studio.com\/wp-content\/uploads\/2023\/05\/4-1024x682.jpeg\" title=\"\">            <div class=\"box has-hover gallery-box box-overlay dark\">\n              <div class=\"box-image\" >\n                <img width=\"300\" height=\"200\" src=\"https:\/\/55studio.com\/wp-content\/uploads\/2023\/05\/4-300x200.jpeg\" class=\"attachment-medium size-medium\" alt=\"\" decoding=\"async\" loading=\"lazy\" ids=\"110,111,112,113,114,115,116,117,118,119\" srcset=\"https:\/\/55studio.com\/wp-content\/uploads\/2023\/05\/4-300x200.jpeg 300w, https:\/\/55studio.com\/wp-content\/uploads\/2023\/05\/4-1024x682.jpeg 1024w, https:\/\/55studio.com\/wp-content\/uploads\/2023\/05\/4-768x512.jpeg 768w, https:\/\/55studio.com\/wp-content\/uploads\/2023\/05\/4-600x400.jpeg 600w, https:\/\/55studio.com\/wp-content\/uploads\/2023\/05\/4.jpeg 1280w\" sizes=\"(max-width: 300px) 100vw, 300px\" \/>                                  <div class=\"overlay fill\"\n                      style=\"background-color: rgba(0,0,0,.15)\">\n                  <\/div>\n                                                              <\/div>\n              <div class=\"box-text text-left\" >\n                 <p><\/p>\n              <\/div>\n            <\/div>\n            <\/a>          <\/div>\n         <\/div><div class=\"gallery-col col\" >\n          <div class=\"col-inner\">\n            <a class=\"image-lightbox lightbox-gallery\" href=\"https:\/\/55studio.com\/wp-content\/uploads\/2023\/05\/5-1-1024x666.jpeg\" title=\"\">            <div class=\"box has-hover gallery-box box-overlay dark\">\n              <div class=\"box-image\" >\n                <img width=\"300\" height=\"195\" src=\"https:\/\/55studio.com\/wp-content\/uploads\/2023\/05\/5-1-300x195.jpeg\" class=\"attachment-medium size-medium\" alt=\"\" decoding=\"async\" loading=\"lazy\" ids=\"110,111,112,113,114,115,116,117,118,119\" srcset=\"https:\/\/55studio.com\/wp-content\/uploads\/2023\/05\/5-1-300x195.jpeg 300w, https:\/\/55studio.com\/wp-content\/uploads\/2023\/05\/5-1-1024x666.jpeg 1024w, https:\/\/55studio.com\/wp-content\/uploads\/2023\/05\/5-1-768x500.jpeg 768w, https:\/\/55studio.com\/wp-content\/uploads\/2023\/05\/5-1-600x390.jpeg 600w, https:\/\/55studio.com\/wp-content\/uploads\/2023\/05\/5-1.jpeg 1280w\" sizes=\"(max-width: 300px) 100vw, 300px\" \/>                                  <div class=\"overlay fill\"\n                      style=\"background-color: rgba(0,0,0,.15)\">\n                  <\/div>\n                                                              <\/div>\n              <div class=\"box-text text-left\" >\n                 <p><\/p>\n              <\/div>\n            <\/div>\n            <\/a>          <\/div>\n         <\/div><div class=\"gallery-col col\" >\n          <div class=\"col-inner\">\n            <a class=\"image-lightbox lightbox-gallery\" href=\"https:\/\/55studio.com\/wp-content\/uploads\/2023\/05\/6-1024x682.jpeg\" title=\"\">            <div class=\"box has-hover gallery-box box-overlay dark\">\n              <div class=\"box-image\" >\n                <img width=\"300\" height=\"200\" src=\"https:\/\/55studio.com\/wp-content\/uploads\/2023\/05\/6-300x200.jpeg\" class=\"attachment-medium size-medium\" alt=\"\" decoding=\"async\" loading=\"lazy\" ids=\"110,111,112,113,114,115,116,117,118,119\" srcset=\"https:\/\/55studio.com\/wp-content\/uploads\/2023\/05\/6-300x200.jpeg 300w, https:\/\/55studio.com\/wp-content\/uploads\/2023\/05\/6-1024x682.jpeg 1024w, https:\/\/55studio.com\/wp-content\/uploads\/2023\/05\/6-768x512.jpeg 768w, https:\/\/55studio.com\/wp-content\/uploads\/2023\/05\/6-600x400.jpeg 600w, https:\/\/55studio.com\/wp-content\/uploads\/2023\/05\/6.jpeg 1280w\" sizes=\"(max-width: 300px) 100vw, 300px\" \/>                                  <div class=\"overlay fill\"\n                      style=\"background-color: rgba(0,0,0,.15)\">\n                  <\/div>\n                                                              <\/div>\n              <div class=\"box-text text-left\" >\n                 <p><\/p>\n              <\/div>\n            <\/div>\n            <\/a>          <\/div>\n         <\/div><div class=\"gallery-col col\" >\n          <div class=\"col-inner\">\n            <a class=\"image-lightbox lightbox-gallery\" href=\"https:\/\/55studio.com\/wp-content\/uploads\/2023\/05\/7-1024x662.jpeg\" title=\"\">            <div class=\"box has-hover gallery-box box-overlay dark\">\n              <div class=\"box-image\" >\n                <img width=\"300\" height=\"194\" src=\"https:\/\/55studio.com\/wp-content\/uploads\/2023\/05\/7-300x194.jpeg\" class=\"attachment-medium size-medium\" alt=\"\" decoding=\"async\" loading=\"lazy\" ids=\"110,111,112,113,114,115,116,117,118,119\" srcset=\"https:\/\/55studio.com\/wp-content\/uploads\/2023\/05\/7-300x194.jpeg 300w, https:\/\/55studio.com\/wp-content\/uploads\/2023\/05\/7-1024x662.jpeg 1024w, https:\/\/55studio.com\/wp-content\/uploads\/2023\/05\/7-768x497.jpeg 768w, https:\/\/55studio.com\/wp-content\/uploads\/2023\/05\/7-600x388.jpeg 600w, https:\/\/55studio.com\/wp-content\/uploads\/2023\/05\/7.jpeg 1280w\" sizes=\"(max-width: 300px) 100vw, 300px\" \/>                                  <div class=\"overlay fill\"\n                      style=\"background-color: rgba(0,0,0,.15)\">\n                  <\/div>\n                                                              <\/div>\n              <div class=\"box-text text-left\" >\n                 <p><\/p>\n              <\/div>\n            <\/div>\n            <\/a>          <\/div>\n         <\/div><div class=\"gallery-col col\" >\n          <div class=\"col-inner\">\n            <a class=\"image-lightbox lightbox-gallery\" href=\"https:\/\/55studio.com\/wp-content\/uploads\/2023\/05\/8-1024x682.jpeg\" title=\"\">            <div class=\"box has-hover gallery-box box-overlay dark\">\n              <div class=\"box-image\" >\n                <img width=\"300\" height=\"200\" src=\"https:\/\/55studio.com\/wp-content\/uploads\/2023\/05\/8-300x200.jpeg\" class=\"attachment-medium size-medium\" alt=\"\" decoding=\"async\" loading=\"lazy\" ids=\"110,111,112,113,114,115,116,117,118,119\" srcset=\"https:\/\/55studio.com\/wp-content\/uploads\/2023\/05\/8-300x200.jpeg 300w, https:\/\/55studio.com\/wp-content\/uploads\/2023\/05\/8-1024x682.jpeg 1024w, https:\/\/55studio.com\/wp-content\/uploads\/2023\/05\/8-768x512.jpeg 768w, https:\/\/55studio.com\/wp-content\/uploads\/2023\/05\/8-600x400.jpeg 600w, https:\/\/55studio.com\/wp-content\/uploads\/2023\/05\/8.jpeg 1280w\" sizes=\"(max-width: 300px) 100vw, 300px\" \/>                                  <div class=\"overlay fill\"\n                      style=\"background-color: rgba(0,0,0,.15)\">\n                  <\/div>\n                                                              <\/div>\n              <div class=\"box-text text-left\" >\n                 <p><\/p>\n              <\/div>\n            <\/div>\n            <\/a>          <\/div>\n         <\/div><div class=\"gallery-col col\" >\n          <div class=\"col-inner\">\n            <a class=\"image-lightbox lightbox-gallery\" href=\"https:\/\/55studio.com\/wp-content\/uploads\/2023\/05\/9-1024x682.jpeg\" title=\"\">            <div class=\"box has-hover gallery-box box-overlay dark\">\n              <div class=\"box-image\" >\n                <img width=\"300\" height=\"200\" src=\"https:\/\/55studio.com\/wp-content\/uploads\/2023\/05\/9-300x200.jpeg\" class=\"attachment-medium size-medium\" alt=\"\" decoding=\"async\" loading=\"lazy\" ids=\"110,111,112,113,114,115,116,117,118,119\" srcset=\"https:\/\/55studio.com\/wp-content\/uploads\/2023\/05\/9-300x200.jpeg 300w, https:\/\/55studio.com\/wp-content\/uploads\/2023\/05\/9-1024x682.jpeg 1024w, https:\/\/55studio.com\/wp-content\/uploads\/2023\/05\/9-768x512.jpeg 768w, https:\/\/55studio.com\/wp-content\/uploads\/2023\/05\/9-600x400.jpeg 600w, https:\/\/55studio.com\/wp-content\/uploads\/2023\/05\/9.jpeg 1280w\" sizes=\"(max-width: 300px) 100vw, 300px\" \/>                                  <div class=\"overlay fill\"\n                      style=\"background-color: rgba(0,0,0,.15)\">\n                  <\/div>\n                                                              <\/div>\n              <div class=\"box-text text-left\" >\n                 <p><\/p>\n              <\/div>\n            <\/div>\n            <\/a>          <\/div>\n         <\/div><div class=\"gallery-col col\" >\n          <div class=\"col-inner\">\n            <a class=\"image-lightbox lightbox-gallery\" href=\"https:\/\/55studio.com\/wp-content\/uploads\/2023\/05\/10-1024x682.jpeg\" title=\"\">            <div class=\"box has-hover gallery-box box-overlay dark\">\n              <div class=\"box-image\" >\n                <img width=\"300\" height=\"200\" src=\"https:\/\/55studio.com\/wp-content\/uploads\/2023\/05\/10-300x200.jpeg\" class=\"attachment-medium size-medium\" alt=\"\" decoding=\"async\" loading=\"lazy\" ids=\"110,111,112,113,114,115,116,117,118,119\" srcset=\"https:\/\/55studio.com\/wp-content\/uploads\/2023\/05\/10-300x200.jpeg 300w, https:\/\/55studio.com\/wp-content\/uploads\/2023\/05\/10-1024x682.jpeg 1024w, https:\/\/55studio.com\/wp-content\/uploads\/2023\/05\/10-768x512.jpeg 768w, https:\/\/55studio.com\/wp-content\/uploads\/2023\/05\/10-600x400.jpeg 600w, https:\/\/55studio.com\/wp-content\/uploads\/2023\/05\/10.jpeg 1280w\" sizes=\"(max-width: 300px) 100vw, 300px\" \/>                                  <div class=\"overlay fill\"\n                      style=\"background-color: rgba(0,0,0,.15)\">\n                  <\/div>\n                                                              <\/div>\n              <div class=\"box-text text-left\" >\n                 <p><\/p>\n              <\/div>\n            <\/div>\n            <\/a>          <\/div>\n         <\/div><\/div>\n\t\t<\/div>\n\t\t\t\t\t<\/div>\n\n\t\n\n\t<div id=\"col-1514490294\" class=\"col hide-for-small medium-2 small-12 large-2\"  >\n\t\t\t\t<div class=\"col-inner\"  >\n\t\t\t\n\t\t\t\n\t\t<\/div>\n\t\t\t\t\t<\/div>\n\n\t\n<\/div>\n\t\t<\/div>\n\n\t\t\n<style>\n#section_1403429609 {\n  padding-top: 30px;\n  padding-bottom: 30px;\n  background-color: rgb(255, 252, 246);\n}\n#section_1403429609 .ux-shape-divider--top svg {\n  height: 150px;\n  --divider-top-width: 100%;\n}\n#section_1403429609 .ux-shape-divider--bottom svg {\n  height: 150px;\n  --divider-width: 100%;\n}\n<\/style>\n\t<\/section>\n\t\n<p>&nbsp;<\/p>\n","protected":false},"excerpt":{"rendered":"<p>&nbsp;<\/p>\n","protected":false},"author":1,"featured_media":0,"parent":0,"menu_order":0,"comment_status":"closed","ping_status":"closed","template":"page-blank.php","meta":[],"_links":{"self":[{"href":"https:\/\/55studio.com\/index.php\/wp-json\/wp\/v2\/pages\/108"}],"collection":[{"href":"https:\/\/55studio.com\/index.php\/wp-json\/wp\/v2\/pages"}],"about":[{"href":"https:\/\/55studio.com\/index.php\/wp-json\/wp\/v2\/types\/page"}],"author":[{"embeddable":true,"href":"https:\/\/55studio.com\/index.php\/wp-json\/wp\/v2\/users\/1"}],"replies":[{"embeddable":true,"href":"https:\/\/55studio.com\/index.php\/wp-json\/wp\/v2\/comments?post=108"}],"version-history":[{"count":5,"href":"https:\/\/55studio.com\/index.php\/wp-json\/wp\/v2\/pages\/108\/revisions"}],"predecessor-version":[{"id":388,"href":"https:\/\/55studio.com\/index.php\/wp-json\/wp\/v2\/pages\/108\/revisions\/388"}],"wp:attachment":[{"href":"https:\/\/55studio.com\/index.php\/wp-json\/wp\/v2\/media?parent=108"}],"curies":[{"name":"wp","href":"https:\/\/api.w.org\/{rel}","templated":true}]}}