{"id":91,"date":"2023-05-25T07:37:01","date_gmt":"2023-05-25T10:37:01","guid":{"rendered":"https:\/\/bernardo.digital\/55studio-site\/?page_id=91"},"modified":"2023-06-04T14:06:17","modified_gmt":"2023-06-04T17:06:17","slug":"villa-mati","status":"publish","type":"page","link":"https:\/\/55studio.com\/index.php\/villa-mati\/","title":{"rendered":"Villa Mati"},"content":{"rendered":"\t<section class=\"section\" id=\"section_1167782396\">\n\t\t<div class=\"bg section-bg fill bg-fill  bg-loaded\" >\n\n\t\t\t\n\t\t\t\n\t\t\t\n\n\t\t<\/div>\n\n\t\t\n\n\t\t<div class=\"section-content relative\">\n\t\t\t\n<div class=\"row row-full-width align-center\"  id=\"row-523514191\">\n\n\t<div id=\"col-192918942\" class=\"col hide-for-small medium-2 small-12 large-2\"  >\n\t\t\t\t<div class=\"col-inner\"  >\n\t\t\t\n\t\t\t\n\t\t<\/div>\n\t\t\t\t\t<\/div>\n\n\t\n\n\t<div id=\"col-847208797\" class=\"col medium-7 small-12 large-7\"  >\n\t\t\t\t<div class=\"col-inner text-left\"  >\n\t\t\t\n\t\t\t\n<h6>nOSSOS TRABALHOS<\/h6>\n<h3 class=\"thin-font uppercase\"><span style=\"font-size: 200%;\"><strong>villa mati<\/strong><br \/>\nJericoacoara &#8211; CE<\/span><\/h3>\n<p><strong>680m\u00b2<\/strong><br \/>\nO destaque do projeto foi a integra\u00e7\u00e3o das \u00e1reas internas com as externas.<\/p>\n\n  \n    <div class=\"row large-columns-4 medium-columns-3 small-columns-2\">\n  <div class=\"gallery-col col\" >\n          <div class=\"col-inner\">\n            <a class=\"image-lightbox lightbox-gallery\" href=\"https:\/\/55studio.com\/wp-content\/uploads\/2023\/05\/01-1024x676.jpg\" title=\"\">            <div class=\"box has-hover gallery-box box-overlay dark\">\n              <div class=\"box-image\" >\n                <img width=\"300\" height=\"198\" src=\"https:\/\/55studio.com\/wp-content\/uploads\/2023\/05\/01-300x198.jpg\" class=\"attachment-medium size-medium\" alt=\"\" decoding=\"async\" loading=\"lazy\" ids=\"93,94,95,96,97,98,99,100,101,102\" srcset=\"https:\/\/55studio.com\/wp-content\/uploads\/2023\/05\/01-300x198.jpg 300w, https:\/\/55studio.com\/wp-content\/uploads\/2023\/05\/01-1024x676.jpg 1024w, https:\/\/55studio.com\/wp-content\/uploads\/2023\/05\/01-768x507.jpg 768w, https:\/\/55studio.com\/wp-content\/uploads\/2023\/05\/01-1536x1013.jpg 1536w, https:\/\/55studio.com\/wp-content\/uploads\/2023\/05\/01-600x396.jpg 600w, https:\/\/55studio.com\/wp-content\/uploads\/2023\/05\/01.jpg 2048w\" sizes=\"(max-width: 300px) 100vw, 300px\" \/>                                  <div class=\"overlay fill\"\n                      style=\"background-color: rgba(0,0,0,.15)\">\n                  <\/div>\n                                                              <\/div>\n              <div class=\"box-text text-left\" >\n                 <p><\/p>\n              <\/div>\n            <\/div>\n            <\/a>          <\/div>\n         <\/div><div class=\"gallery-col col\" >\n          <div class=\"col-inner\">\n            <a class=\"image-lightbox lightbox-gallery\" href=\"https:\/\/55studio.com\/wp-content\/uploads\/2023\/05\/02-1024x660.jpg\" title=\"\">            <div class=\"box has-hover gallery-box box-overlay dark\">\n              <div class=\"box-image\" >\n                <img width=\"300\" height=\"193\" src=\"https:\/\/55studio.com\/wp-content\/uploads\/2023\/05\/02-300x193.jpg\" class=\"attachment-medium size-medium\" alt=\"\" decoding=\"async\" loading=\"lazy\" ids=\"93,94,95,96,97,98,99,100,101,102\" srcset=\"https:\/\/55studio.com\/wp-content\/uploads\/2023\/05\/02-300x193.jpg 300w, https:\/\/55studio.com\/wp-content\/uploads\/2023\/05\/02-1024x660.jpg 1024w, https:\/\/55studio.com\/wp-content\/uploads\/2023\/05\/02-768x495.jpg 768w, https:\/\/55studio.com\/wp-content\/uploads\/2023\/05\/02-1536x990.jpg 1536w, https:\/\/55studio.com\/wp-content\/uploads\/2023\/05\/02-600x387.jpg 600w, https:\/\/55studio.com\/wp-content\/uploads\/2023\/05\/02.jpg 2048w\" sizes=\"(max-width: 300px) 100vw, 300px\" \/>                                  <div class=\"overlay fill\"\n                      style=\"background-color: rgba(0,0,0,.15)\">\n                  <\/div>\n                                                              <\/div>\n              <div class=\"box-text text-left\" >\n                 <p><\/p>\n              <\/div>\n            <\/div>\n            <\/a>          <\/div>\n         <\/div><div class=\"gallery-col col\" >\n          <div class=\"col-inner\">\n            <a class=\"image-lightbox lightbox-gallery\" href=\"https:\/\/55studio.com\/wp-content\/uploads\/2023\/05\/03-2-1024x596.jpg\" title=\"\">            <div class=\"box has-hover gallery-box box-overlay dark\">\n              <div class=\"box-image\" >\n                <img width=\"300\" height=\"175\" src=\"https:\/\/55studio.com\/wp-content\/uploads\/2023\/05\/03-2-300x175.jpg\" class=\"attachment-medium size-medium\" alt=\"\" decoding=\"async\" loading=\"lazy\" ids=\"93,94,95,96,97,98,99,100,101,102\" srcset=\"https:\/\/55studio.com\/wp-content\/uploads\/2023\/05\/03-2-300x175.jpg 300w, https:\/\/55studio.com\/wp-content\/uploads\/2023\/05\/03-2-1024x596.jpg 1024w, https:\/\/55studio.com\/wp-content\/uploads\/2023\/05\/03-2-768x447.jpg 768w, https:\/\/55studio.com\/wp-content\/uploads\/2023\/05\/03-2-1536x894.jpg 1536w, https:\/\/55studio.com\/wp-content\/uploads\/2023\/05\/03-2-600x349.jpg 600w, https:\/\/55studio.com\/wp-content\/uploads\/2023\/05\/03-2.jpg 2048w\" sizes=\"(max-width: 300px) 100vw, 300px\" \/>                                  <div class=\"overlay fill\"\n                      style=\"background-color: rgba(0,0,0,.15)\">\n                  <\/div>\n                                                              <\/div>\n              <div class=\"box-text text-left\" >\n                 <p><\/p>\n              <\/div>\n            <\/div>\n            <\/a>          <\/div>\n         <\/div><div class=\"gallery-col col\" >\n          <div class=\"col-inner\">\n            <a class=\"image-lightbox lightbox-gallery\" href=\"https:\/\/55studio.com\/wp-content\/uploads\/2023\/05\/04-1-1024x683.jpg\" title=\"\">            <div class=\"box has-hover gallery-box box-overlay dark\">\n              <div class=\"box-image\" >\n                <img width=\"300\" height=\"200\" src=\"https:\/\/55studio.com\/wp-content\/uploads\/2023\/05\/04-1-300x200.jpg\" class=\"attachment-medium size-medium\" alt=\"\" decoding=\"async\" loading=\"lazy\" ids=\"93,94,95,96,97,98,99,100,101,102\" srcset=\"https:\/\/55studio.com\/wp-content\/uploads\/2023\/05\/04-1-300x200.jpg 300w, https:\/\/55studio.com\/wp-content\/uploads\/2023\/05\/04-1-1024x683.jpg 1024w, https:\/\/55studio.com\/wp-content\/uploads\/2023\/05\/04-1-768x512.jpg 768w, https:\/\/55studio.com\/wp-content\/uploads\/2023\/05\/04-1-1536x1025.jpg 1536w, https:\/\/55studio.com\/wp-content\/uploads\/2023\/05\/04-1-600x400.jpg 600w, https:\/\/55studio.com\/wp-content\/uploads\/2023\/05\/04-1.jpg 2048w\" sizes=\"(max-width: 300px) 100vw, 300px\" \/>                                  <div class=\"overlay fill\"\n                      style=\"background-color: rgba(0,0,0,.15)\">\n                  <\/div>\n                                                              <\/div>\n              <div class=\"box-text text-left\" >\n                 <p><\/p>\n              <\/div>\n            <\/div>\n            <\/a>          <\/div>\n         <\/div><div class=\"gallery-col col\" >\n          <div class=\"col-inner\">\n            <a class=\"image-lightbox lightbox-gallery\" href=\"https:\/\/55studio.com\/wp-content\/uploads\/2023\/05\/05-1-1024x683.jpg\" title=\"\">            <div class=\"box has-hover gallery-box box-overlay dark\">\n              <div class=\"box-image\" >\n                <img width=\"300\" height=\"200\" src=\"https:\/\/55studio.com\/wp-content\/uploads\/2023\/05\/05-1-300x200.jpg\" class=\"attachment-medium size-medium\" alt=\"\" decoding=\"async\" loading=\"lazy\" ids=\"93,94,95,96,97,98,99,100,101,102\" srcset=\"https:\/\/55studio.com\/wp-content\/uploads\/2023\/05\/05-1-300x200.jpg 300w, https:\/\/55studio.com\/wp-content\/uploads\/2023\/05\/05-1-1024x683.jpg 1024w, https:\/\/55studio.com\/wp-content\/uploads\/2023\/05\/05-1-768x512.jpg 768w, https:\/\/55studio.com\/wp-content\/uploads\/2023\/05\/05-1-1536x1024.jpg 1536w, https:\/\/55studio.com\/wp-content\/uploads\/2023\/05\/05-1-600x400.jpg 600w, https:\/\/55studio.com\/wp-content\/uploads\/2023\/05\/05-1.jpg 2048w\" sizes=\"(max-width: 300px) 100vw, 300px\" \/>                                  <div class=\"overlay fill\"\n                      style=\"background-color: rgba(0,0,0,.15)\">\n                  <\/div>\n                                                              <\/div>\n              <div class=\"box-text text-left\" >\n                 <p><\/p>\n              <\/div>\n            <\/div>\n            <\/a>          <\/div>\n         <\/div><div class=\"gallery-col col\" >\n          <div class=\"col-inner\">\n            <a class=\"image-lightbox lightbox-gallery\" href=\"https:\/\/55studio.com\/wp-content\/uploads\/2023\/05\/06-1-1024x683.jpg\" title=\"\">            <div class=\"box has-hover gallery-box box-overlay dark\">\n              <div class=\"box-image\" >\n                <img width=\"300\" height=\"200\" src=\"https:\/\/55studio.com\/wp-content\/uploads\/2023\/05\/06-1-300x200.jpg\" class=\"attachment-medium size-medium\" alt=\"\" decoding=\"async\" loading=\"lazy\" ids=\"93,94,95,96,97,98,99,100,101,102\" srcset=\"https:\/\/55studio.com\/wp-content\/uploads\/2023\/05\/06-1-300x200.jpg 300w, https:\/\/55studio.com\/wp-content\/uploads\/2023\/05\/06-1-1024x683.jpg 1024w, https:\/\/55studio.com\/wp-content\/uploads\/2023\/05\/06-1-768x512.jpg 768w, https:\/\/55studio.com\/wp-content\/uploads\/2023\/05\/06-1-1536x1025.jpg 1536w, https:\/\/55studio.com\/wp-content\/uploads\/2023\/05\/06-1-600x400.jpg 600w, https:\/\/55studio.com\/wp-content\/uploads\/2023\/05\/06-1.jpg 2048w\" sizes=\"(max-width: 300px) 100vw, 300px\" \/>                                  <div class=\"overlay fill\"\n                      style=\"background-color: rgba(0,0,0,.15)\">\n                  <\/div>\n                                                              <\/div>\n              <div class=\"box-text text-left\" >\n                 <p><\/p>\n              <\/div>\n            <\/div>\n            <\/a>          <\/div>\n         <\/div><div class=\"gallery-col col\" >\n          <div class=\"col-inner\">\n            <a class=\"image-lightbox lightbox-gallery\" href=\"https:\/\/55studio.com\/wp-content\/uploads\/2023\/05\/07-2-1024x683.jpg\" title=\"\">            <div class=\"box has-hover gallery-box box-overlay dark\">\n              <div class=\"box-image\" >\n                <img width=\"300\" height=\"200\" src=\"https:\/\/55studio.com\/wp-content\/uploads\/2023\/05\/07-2-300x200.jpg\" class=\"attachment-medium size-medium\" alt=\"\" decoding=\"async\" loading=\"lazy\" ids=\"93,94,95,96,97,98,99,100,101,102\" srcset=\"https:\/\/55studio.com\/wp-content\/uploads\/2023\/05\/07-2-300x200.jpg 300w, https:\/\/55studio.com\/wp-content\/uploads\/2023\/05\/07-2-1024x683.jpg 1024w, https:\/\/55studio.com\/wp-content\/uploads\/2023\/05\/07-2-768x512.jpg 768w, https:\/\/55studio.com\/wp-content\/uploads\/2023\/05\/07-2-1536x1024.jpg 1536w, https:\/\/55studio.com\/wp-content\/uploads\/2023\/05\/07-2-600x400.jpg 600w, https:\/\/55studio.com\/wp-content\/uploads\/2023\/05\/07-2.jpg 2048w\" sizes=\"(max-width: 300px) 100vw, 300px\" \/>                                  <div class=\"overlay fill\"\n                      style=\"background-color: rgba(0,0,0,.15)\">\n                  <\/div>\n                                                              <\/div>\n              <div class=\"box-text text-left\" >\n                 <p><\/p>\n              <\/div>\n            <\/div>\n            <\/a>          <\/div>\n         <\/div><div class=\"gallery-col col\" >\n          <div class=\"col-inner\">\n            <a class=\"image-lightbox lightbox-gallery\" href=\"https:\/\/55studio.com\/wp-content\/uploads\/2023\/05\/08-1024x683.jpg\" title=\"\">            <div class=\"box has-hover gallery-box box-overlay dark\">\n              <div class=\"box-image\" >\n                <img width=\"300\" height=\"200\" src=\"https:\/\/55studio.com\/wp-content\/uploads\/2023\/05\/08-300x200.jpg\" class=\"attachment-medium size-medium\" alt=\"\" decoding=\"async\" loading=\"lazy\" ids=\"93,94,95,96,97,98,99,100,101,102\" srcset=\"https:\/\/55studio.com\/wp-content\/uploads\/2023\/05\/08-300x200.jpg 300w, https:\/\/55studio.com\/wp-content\/uploads\/2023\/05\/08-1024x683.jpg 1024w, https:\/\/55studio.com\/wp-content\/uploads\/2023\/05\/08-768x512.jpg 768w, https:\/\/55studio.com\/wp-content\/uploads\/2023\/05\/08-1536x1025.jpg 1536w, https:\/\/55studio.com\/wp-content\/uploads\/2023\/05\/08-600x400.jpg 600w, https:\/\/55studio.com\/wp-content\/uploads\/2023\/05\/08.jpg 2048w\" sizes=\"(max-width: 300px) 100vw, 300px\" \/>                                  <div class=\"overlay fill\"\n                      style=\"background-color: rgba(0,0,0,.15)\">\n                  <\/div>\n                                                              <\/div>\n              <div class=\"box-text text-left\" >\n                 <p><\/p>\n              <\/div>\n            <\/div>\n            <\/a>          <\/div>\n         <\/div><div class=\"gallery-col col\" >\n          <div class=\"col-inner\">\n            <a class=\"image-lightbox lightbox-gallery\" href=\"https:\/\/55studio.com\/wp-content\/uploads\/2023\/05\/09-1-1024x683.jpg\" title=\"\">            <div class=\"box has-hover gallery-box box-overlay dark\">\n              <div class=\"box-image\" >\n                <img width=\"300\" height=\"200\" src=\"https:\/\/55studio.com\/wp-content\/uploads\/2023\/05\/09-1-300x200.jpg\" class=\"attachment-medium size-medium\" alt=\"\" decoding=\"async\" loading=\"lazy\" ids=\"93,94,95,96,97,98,99,100,101,102\" srcset=\"https:\/\/55studio.com\/wp-content\/uploads\/2023\/05\/09-1-300x200.jpg 300w, https:\/\/55studio.com\/wp-content\/uploads\/2023\/05\/09-1-1024x683.jpg 1024w, https:\/\/55studio.com\/wp-content\/uploads\/2023\/05\/09-1-768x512.jpg 768w, https:\/\/55studio.com\/wp-content\/uploads\/2023\/05\/09-1-1536x1024.jpg 1536w, https:\/\/55studio.com\/wp-content\/uploads\/2023\/05\/09-1-600x400.jpg 600w, https:\/\/55studio.com\/wp-content\/uploads\/2023\/05\/09-1.jpg 2048w\" sizes=\"(max-width: 300px) 100vw, 300px\" \/>                                  <div class=\"overlay fill\"\n                      style=\"background-color: rgba(0,0,0,.15)\">\n                  <\/div>\n                                                              <\/div>\n              <div class=\"box-text text-left\" >\n                 <p><\/p>\n              <\/div>\n            <\/div>\n            <\/a>          <\/div>\n         <\/div><div class=\"gallery-col col\" >\n          <div class=\"col-inner\">\n            <a class=\"image-lightbox lightbox-gallery\" href=\"https:\/\/55studio.com\/wp-content\/uploads\/2023\/05\/10-1024x673.jpg\" title=\"\">            <div class=\"box has-hover gallery-box box-overlay dark\">\n              <div class=\"box-image\" >\n                <img width=\"300\" height=\"197\" src=\"https:\/\/55studio.com\/wp-content\/uploads\/2023\/05\/10-300x197.jpg\" class=\"attachment-medium size-medium\" alt=\"\" decoding=\"async\" loading=\"lazy\" ids=\"93,94,95,96,97,98,99,100,101,102\" srcset=\"https:\/\/55studio.com\/wp-content\/uploads\/2023\/05\/10-300x197.jpg 300w, https:\/\/55studio.com\/wp-content\/uploads\/2023\/05\/10-1024x673.jpg 1024w, https:\/\/55studio.com\/wp-content\/uploads\/2023\/05\/10-768x504.jpg 768w, https:\/\/55studio.com\/wp-content\/uploads\/2023\/05\/10-1536x1009.jpg 1536w, https:\/\/55studio.com\/wp-content\/uploads\/2023\/05\/10-600x394.jpg 600w, https:\/\/55studio.com\/wp-content\/uploads\/2023\/05\/10.jpg 2048w\" sizes=\"(max-width: 300px) 100vw, 300px\" \/>                                  <div class=\"overlay fill\"\n                      style=\"background-color: rgba(0,0,0,.15)\">\n                  <\/div>\n                                                              <\/div>\n              <div class=\"box-text text-left\" >\n                 <p><\/p>\n              <\/div>\n            <\/div>\n            <\/a>          <\/div>\n         <\/div><\/div>\n\t\t<\/div>\n\t\t\t\t\t<\/div>\n\n\t\n\n\t<div id=\"col-2139568604\" class=\"col hide-for-small medium-2 small-12 large-2\"  >\n\t\t\t\t<div class=\"col-inner\"  >\n\t\t\t\n\t\t\t\n\t\t<\/div>\n\t\t\t\t\t<\/div>\n\n\t\n<\/div>\n\t\t<\/div>\n\n\t\t\n<style>\n#section_1167782396 {\n  padding-top: 30px;\n  padding-bottom: 30px;\n  background-color: rgb(255, 252, 246);\n}\n#section_1167782396 .ux-shape-divider--top svg {\n  height: 150px;\n  --divider-top-width: 100%;\n}\n#section_1167782396 .ux-shape-divider--bottom svg {\n  height: 150px;\n  --divider-width: 100%;\n}\n<\/style>\n\t<\/section>\n\t\n","protected":false},"excerpt":{"rendered":"","protected":false},"author":1,"featured_media":0,"parent":0,"menu_order":0,"comment_status":"closed","ping_status":"closed","template":"page-blank.php","meta":[],"_links":{"self":[{"href":"https:\/\/55studio.com\/index.php\/wp-json\/wp\/v2\/pages\/91"}],"collection":[{"href":"https:\/\/55studio.com\/index.php\/wp-json\/wp\/v2\/pages"}],"about":[{"href":"https:\/\/55studio.com\/index.php\/wp-json\/wp\/v2\/types\/page"}],"author":[{"embeddable":true,"href":"https:\/\/55studio.com\/index.php\/wp-json\/wp\/v2\/users\/1"}],"replies":[{"embeddable":true,"href":"https:\/\/55studio.com\/index.php\/wp-json\/wp\/v2\/comments?post=91"}],"version-history":[{"count":8,"href":"https:\/\/55studio.com\/index.php\/wp-json\/wp\/v2\/pages\/91\/revisions"}],"predecessor-version":[{"id":394,"href":"https:\/\/55studio.com\/index.php\/wp-json\/wp\/v2\/pages\/91\/revisions\/394"}],"wp:attachment":[{"href":"https:\/\/55studio.com\/index.php\/wp-json\/wp\/v2\/media?parent=91"}],"curies":[{"name":"wp","href":"https:\/\/api.w.org\/{rel}","templated":true}]}}